{"id":4108,"date":"2024-07-11T10:27:18","date_gmt":"2024-07-11T10:27:18","guid":{"rendered":"https:\/\/www.andrewbarnes.eu\/?post_type=product&#038;p=4108"},"modified":"2026-04-19T07:38:20","modified_gmt":"2026-04-19T07:38:20","slug":"cacao-orgastic-breath-dance-retreat","status":"publish","type":"product","link":"https:\/\/www.andrewbarnes.eu\/cs\/produkt\/cacao-orgastic-breath-dance-retreat\/","title":{"rendered":"Cacao Orgastic Breath Dance Retreat"},"content":{"rendered":"<div data-elementor-type=\"product-post\" data-elementor-id=\"4108\" class=\"elementor elementor-4108\" data-elementor-post-type=\"product\">\n\t\t\t\t<div class=\"elementor-element elementor-element-4a2076e5 e-flex e-con-boxed e-con e-parent\" data-id=\"4a2076e5\" data-element_type=\"container\" data-e-type=\"container\">\n\t\t\t\t\t<div class=\"e-con-inner\">\n\t\t\t\t<div class=\"elementor-element elementor-element-4fd13f5 elementor-widget elementor-widget-text-editor\" data-id=\"4fd13f5\" data-element_type=\"widget\" data-e-type=\"widget\" data-widget_type=\"text-editor.default\">\n\t\t\t\t\t\t\t\t\t<p>Join us for an extraordinary retreat where you will explore the restorative practice of Tantric Body De-armouring and Energy Orgasm Activation through the Heart-centred Sexuality Kundalini Yoga Meditation.\u00a0<a href=\"https:\/\/www.andrewbarnes.eu\/cs\/tantric-full-body-energy-orgasm-retreat\/\" target=\"_blank\" rel=\"noopener\"><strong>Read more<\/strong><\/a><\/p>\t\t\t\t\t\t\t\t<\/div>\n\t\t\t\t<div class=\"elementor-element elementor-element-2955739 elementor-widget elementor-widget-heading\" data-id=\"2955739\" data-element_type=\"widget\" data-e-type=\"widget\" data-widget_type=\"heading.default\">\n\t\t\t\t\t<h2 class=\"elementor-heading-title elementor-size-default\">Dates and Location<\/h2>\t\t\t\t<\/div>\n\t\t\t\t<div class=\"elementor-element elementor-element-9c5aec5 elementor-widget elementor-widget-text-editor\" data-id=\"9c5aec5\" data-element_type=\"widget\" data-e-type=\"widget\" data-widget_type=\"text-editor.default\">\n\t\t\t\t\t\t\t\t\t<ul><li>Add<\/li><li>Center Ziva Voda, Czech Republic<\/li><\/ul>\t\t\t\t\t\t\t\t<\/div>\n\t\t<div class=\"elementor-element elementor-element-b414ef2 e-con-full e-flex e-con e-child\" data-id=\"b414ef2\" data-element_type=\"container\" data-e-type=\"container\" data-settings=\"{&quot;background_background&quot;:&quot;classic&quot;}\">\n\t\t\t\t<div class=\"elementor-element elementor-element-a21b249 elementor-widget elementor-widget-heading\" data-id=\"a21b249\" data-element_type=\"widget\" data-e-type=\"widget\" data-widget_type=\"heading.default\">\n\t\t\t\t\t<h2 class=\"elementor-heading-title elementor-size-default\">COSY ACCOMMODATION OPTIONS<\/h2>\t\t\t\t<\/div>\n\t\t\t\t<div class=\"elementor-element elementor-element-d6cacec elementor-widget elementor-widget-text-editor\" data-id=\"d6cacec\" data-element_type=\"widget\" data-e-type=\"widget\" data-widget_type=\"text-editor.default\">\n\t\t\t\t\t\t\t\t\t<ul><li>Spacious shared room (3\u20136 beds), private bathroom \u2014 4 nights, all meals included<\/li><li>Shared meditation hall mattress \u2014 4 nights, all meals included<\/li><li>Delicious, nourishing plant-based meals are included with all accommodation options<\/li><li>By making a payment, you agree to<a href=\"https:\/\/www.andrewbarnes.eu\/cs\/terms-and-conditions\/\" target=\"_blank\" rel=\"noopener\"> the terms and conditions<\/a><\/li><\/ul>\t\t\t\t\t\t\t\t<\/div>\n\t\t\t\t<\/div>\n\t\t\t\t\t<\/div>\n\t\t\t\t<\/div>\n\t\t\t\t<\/div>","protected":false},"excerpt":{"rendered":"<p>Join us for an extraordinary retreat where you will explore the restorative practice of Tantric Body De-armouring and Energy Orgasm [&hellip;]<\/p>","protected":false},"featured_media":1219,"comment_status":"closed","ping_status":"closed","template":"","meta":{"site-sidebar-layout":"default","site-content-layout":"","ast-site-content-layout":"default","site-content-style":"default","site-sidebar-style":"default","ast-global-header-display":"","ast-banner-title-visibility":"","ast-main-header-display":"","ast-hfb-above-header-display":"","ast-hfb-below-header-display":"","ast-hfb-mobile-header-display":"","site-post-title":"","ast-breadcrumbs-content":"","ast-featured-img":"","footer-sml-layout":"","ast-disable-related-posts":"","theme-transparent-header-meta":"default","adv-header-id-meta":"","stick-header-meta":"","header-above-stick-meta":"","header-main-stick-meta":"","header-below-stick-meta":"","astra-migrate-meta-layouts":"set","ast-page-background-enabled":"default","ast-page-background-meta":{"desktop":{"background-color":"var(--ast-global-color-4)","background-image":"","background-repeat":"repeat","background-position":"center center","background-size":"auto","background-attachment":"scroll","background-type":"","background-media":"","overlay-type":"","overlay-color":"","overlay-opacity":"","overlay-gradient":""},"tablet":{"background-color":"","background-image":"","background-repeat":"repeat","background-position":"center center","background-size":"auto","background-attachment":"scroll","background-type":"","background-media":"","overlay-type":"","overlay-color":"","overlay-opacity":"","overlay-gradient":""},"mobile":{"background-color":"","background-image":"","background-repeat":"repeat","background-position":"center center","background-size":"auto","background-attachment":"scroll","background-type":"","background-media":"","overlay-type":"","overlay-color":"","overlay-opacity":"","overlay-gradient":""}},"ast-content-background-meta":{"desktop":{"background-color":"var(--ast-global-color-5)","background-image":"","background-repeat":"repeat","background-position":"center center","background-size":"auto","background-attachment":"scroll","background-type":"","background-media":"","overlay-type":"","overlay-color":"","overlay-opacity":"","overlay-gradient":""},"tablet":{"background-color":"var(--ast-global-color-5)","background-image":"","background-repeat":"repeat","background-position":"center center","background-size":"auto","background-attachment":"scroll","background-type":"","background-media":"","overlay-type":"","overlay-color":"","overlay-opacity":"","overlay-gradient":""},"mobile":{"background-color":"var(--ast-global-color-5)","background-image":"","background-repeat":"repeat","background-position":"center center","background-size":"auto","background-attachment":"scroll","background-type":"","background-media":"","overlay-type":"","overlay-color":"","overlay-opacity":"","overlay-gradient":""}}},"product_brand":[],"product_cat":[25],"product_tag":[32,29,31],"class_list":{"0":"post-4108","1":"product","2":"type-product","3":"status-publish","4":"has-post-thumbnail","6":"product_cat-retreats","7":"product_tag-retreat","8":"product_tag-tantric","9":"product_tag-training","10":"desktop-align-left","11":"tablet-align-left","12":"mobile-align-left","14":"first","15":"instock","16":"featured","17":"shipping-taxable","18":"purchasable","19":"product-type-variable"},"yoast_head":"<!-- This site is optimized with the Yoast SEO Premium plugin v27.3 (Yoast SEO v27.3) - https:\/\/yoast.com\/product\/yoast-seo-premium-wordpress\/ -->\n<title>Cacao Orgastic Breath Dance Retreat - Andrew Barnes Europe<\/title>\n<meta name=\"description\" content=\"Join the Cacao Orgastic Breath Dance Meditation to purify stagnant energy. Embody breath, sound, and movement practices to cultivate energy flow in your body\/mind.\" \/>\n<meta name=\"robots\" content=\"index, follow, max-snippet:-1, max-image-preview:large, max-video-preview:-1\" \/>\n<link rel=\"canonical\" href=\"https:\/\/www.andrewbarnes.eu\/cs\/produkt\/cacao-orgastic-breath-dance-retreat\/\" \/>\n<meta property=\"og:locale\" content=\"cs_CZ\" \/>\n<meta property=\"og:type\" content=\"article\" \/>\n<meta property=\"og:title\" content=\"Cacao Orgastic Breath Dance Retreat\" \/>\n<meta property=\"og:description\" content=\"Join the Cacao Orgastic Breath Dance Meditation to purify stagnant energy. Embody breath, sound, and movement practices to cultivate energy flow in your body\/mind.\" \/>\n<meta property=\"og:url\" content=\"https:\/\/www.andrewbarnes.eu\/cs\/produkt\/cacao-orgastic-breath-dance-retreat\/\" \/>\n<meta property=\"og:site_name\" content=\"Andrew Barnes Europe\" \/>\n<meta property=\"article:modified_time\" content=\"2026-04-19T07:38:20+00:00\" \/>\n<meta property=\"og:image\" content=\"https:\/\/www.andrewbarnes.eu\/wp-content\/uploads\/2024\/06\/Screenshot-2024-06-04-153036.png\" \/>\n\t<meta property=\"og:image:width\" content=\"419\" \/>\n\t<meta property=\"og:image:height\" content=\"662\" \/>\n\t<meta property=\"og:image:type\" content=\"image\/png\" \/>\n<meta name=\"twitter:card\" content=\"summary_large_image\" \/>\n<meta name=\"twitter:label1\" content=\"Odhadovan\u00e1 doba \u010dten\u00ed\" \/>\n\t<meta name=\"twitter:data1\" content=\"1 minuta\" \/>\n<script type=\"application\/ld+json\" class=\"yoast-schema-graph\">{\"@context\":\"https:\\\/\\\/schema.org\",\"@graph\":[{\"@type\":\"WebPage\",\"@id\":\"https:\\\/\\\/www.andrewbarnes.eu\\\/product\\\/cacao-orgastic-breath-dance-retreat\\\/\",\"url\":\"https:\\\/\\\/www.andrewbarnes.eu\\\/product\\\/cacao-orgastic-breath-dance-retreat\\\/\",\"name\":\"Cacao Orgastic Breath Dance Retreat - Andrew Barnes Europe\",\"isPartOf\":{\"@id\":\"https:\\\/\\\/www.andrewbarnes.eu\\\/#website\"},\"primaryImageOfPage\":{\"@id\":\"https:\\\/\\\/www.andrewbarnes.eu\\\/product\\\/cacao-orgastic-breath-dance-retreat\\\/#primaryimage\"},\"image\":{\"@id\":\"https:\\\/\\\/www.andrewbarnes.eu\\\/product\\\/cacao-orgastic-breath-dance-retreat\\\/#primaryimage\"},\"thumbnailUrl\":\"https:\\\/\\\/www.andrewbarnes.eu\\\/wp-content\\\/uploads\\\/2024\\\/06\\\/Screenshot-2024-06-04-153036.png\",\"datePublished\":\"2024-07-11T10:27:18+00:00\",\"dateModified\":\"2026-04-19T07:38:20+00:00\",\"description\":\"Join the Cacao Orgastic Breath Dance Meditation to purify stagnant energy. Embody breath, sound, and movement practices to cultivate energy flow in your body\\\/mind.\",\"breadcrumb\":{\"@id\":\"https:\\\/\\\/www.andrewbarnes.eu\\\/product\\\/cacao-orgastic-breath-dance-retreat\\\/#breadcrumb\"},\"inLanguage\":\"cs\",\"potentialAction\":[{\"@type\":\"ReadAction\",\"target\":[\"https:\\\/\\\/www.andrewbarnes.eu\\\/product\\\/cacao-orgastic-breath-dance-retreat\\\/\"]}]},{\"@type\":\"ImageObject\",\"inLanguage\":\"cs\",\"@id\":\"https:\\\/\\\/www.andrewbarnes.eu\\\/product\\\/cacao-orgastic-breath-dance-retreat\\\/#primaryimage\",\"url\":\"https:\\\/\\\/www.andrewbarnes.eu\\\/wp-content\\\/uploads\\\/2024\\\/06\\\/Screenshot-2024-06-04-153036.png\",\"contentUrl\":\"https:\\\/\\\/www.andrewbarnes.eu\\\/wp-content\\\/uploads\\\/2024\\\/06\\\/Screenshot-2024-06-04-153036.png\",\"width\":419,\"height\":662,\"caption\":\"Andrew Barnes Orgastic Breath Dance Meditation Nights\"},{\"@type\":\"BreadcrumbList\",\"@id\":\"https:\\\/\\\/www.andrewbarnes.eu\\\/product\\\/cacao-orgastic-breath-dance-retreat\\\/#breadcrumb\",\"itemListElement\":[{\"@type\":\"ListItem\",\"position\":1,\"name\":\"Home\",\"item\":\"https:\\\/\\\/www.andrewbarnes.eu\\\/\"},{\"@type\":\"ListItem\",\"position\":2,\"name\":\"Shop\",\"item\":\"https:\\\/\\\/www.andrewbarnes.eu\\\/shop\\\/\"},{\"@type\":\"ListItem\",\"position\":3,\"name\":\"Cacao Orgastic Breath Dance Retreat\"}]},{\"@type\":\"WebSite\",\"@id\":\"https:\\\/\\\/www.andrewbarnes.eu\\\/#website\",\"url\":\"https:\\\/\\\/www.andrewbarnes.eu\\\/\",\"name\":\"Andrew Barnes Europe\",\"description\":\"Creating heart-centred sexuality\",\"publisher\":{\"@id\":\"https:\\\/\\\/www.andrewbarnes.eu\\\/#organization\"},\"potentialAction\":[{\"@type\":\"SearchAction\",\"target\":{\"@type\":\"EntryPoint\",\"urlTemplate\":\"https:\\\/\\\/www.andrewbarnes.eu\\\/?s={search_term_string}\"},\"query-input\":{\"@type\":\"PropertyValueSpecification\",\"valueRequired\":true,\"valueName\":\"search_term_string\"}}],\"inLanguage\":\"cs\"},{\"@type\":\"Organization\",\"@id\":\"https:\\\/\\\/www.andrewbarnes.eu\\\/#organization\",\"name\":\"Andrew Barnes Europe\",\"url\":\"https:\\\/\\\/www.andrewbarnes.eu\\\/\",\"logo\":{\"@type\":\"ImageObject\",\"inLanguage\":\"cs\",\"@id\":\"https:\\\/\\\/www.andrewbarnes.eu\\\/#\\\/schema\\\/logo\\\/image\\\/\",\"url\":\"https:\\\/\\\/www.andrewbarnes.eu\\\/wp-content\\\/uploads\\\/2024\\\/05\\\/ANDREW-BARNES.png\",\"contentUrl\":\"https:\\\/\\\/www.andrewbarnes.eu\\\/wp-content\\\/uploads\\\/2024\\\/05\\\/ANDREW-BARNES.png\",\"width\":520,\"height\":220,\"caption\":\"Andrew Barnes Europe\"},\"image\":{\"@id\":\"https:\\\/\\\/www.andrewbarnes.eu\\\/#\\\/schema\\\/logo\\\/image\\\/\"}}]}<\/script>\n<!-- \/ Yoast SEO Premium plugin. -->","yoast_head_json":{"title":"Cacao Orgastic Breath Dance Retreat - Andrew Barnes Europe","description":"Join the Cacao Orgastic Breath Dance Meditation to purify stagnant energy. Embody breath, sound, and movement practices to cultivate energy flow in your body\/mind.","robots":{"index":"index","follow":"follow","max-snippet":"max-snippet:-1","max-image-preview":"max-image-preview:large","max-video-preview":"max-video-preview:-1"},"canonical":"https:\/\/www.andrewbarnes.eu\/cs\/produkt\/cacao-orgastic-breath-dance-retreat\/","og_locale":"cs_CZ","og_type":"article","og_title":"Cacao Orgastic Breath Dance Retreat","og_description":"Join the Cacao Orgastic Breath Dance Meditation to purify stagnant energy. Embody breath, sound, and movement practices to cultivate energy flow in your body\/mind.","og_url":"https:\/\/www.andrewbarnes.eu\/cs\/produkt\/cacao-orgastic-breath-dance-retreat\/","og_site_name":"Andrew Barnes Europe","article_modified_time":"2026-04-19T07:38:20+00:00","og_image":[{"width":419,"height":662,"url":"https:\/\/www.andrewbarnes.eu\/wp-content\/uploads\/2024\/06\/Screenshot-2024-06-04-153036.png","type":"image\/png"}],"twitter_card":"summary_large_image","twitter_misc":{"Odhadovan\u00e1 doba \u010dten\u00ed":"1 minuta"},"schema":{"@context":"https:\/\/schema.org","@graph":[{"@type":"WebPage","@id":"https:\/\/www.andrewbarnes.eu\/product\/cacao-orgastic-breath-dance-retreat\/","url":"https:\/\/www.andrewbarnes.eu\/product\/cacao-orgastic-breath-dance-retreat\/","name":"Cacao Orgastic Breath Dance Retreat - Andrew Barnes Europe","isPartOf":{"@id":"https:\/\/www.andrewbarnes.eu\/#website"},"primaryImageOfPage":{"@id":"https:\/\/www.andrewbarnes.eu\/product\/cacao-orgastic-breath-dance-retreat\/#primaryimage"},"image":{"@id":"https:\/\/www.andrewbarnes.eu\/product\/cacao-orgastic-breath-dance-retreat\/#primaryimage"},"thumbnailUrl":"https:\/\/www.andrewbarnes.eu\/wp-content\/uploads\/2024\/06\/Screenshot-2024-06-04-153036.png","datePublished":"2024-07-11T10:27:18+00:00","dateModified":"2026-04-19T07:38:20+00:00","description":"Join the Cacao Orgastic Breath Dance Meditation to purify stagnant energy. Embody breath, sound, and movement practices to cultivate energy flow in your body\/mind.","breadcrumb":{"@id":"https:\/\/www.andrewbarnes.eu\/product\/cacao-orgastic-breath-dance-retreat\/#breadcrumb"},"inLanguage":"cs","potentialAction":[{"@type":"ReadAction","target":["https:\/\/www.andrewbarnes.eu\/product\/cacao-orgastic-breath-dance-retreat\/"]}]},{"@type":"ImageObject","inLanguage":"cs","@id":"https:\/\/www.andrewbarnes.eu\/product\/cacao-orgastic-breath-dance-retreat\/#primaryimage","url":"https:\/\/www.andrewbarnes.eu\/wp-content\/uploads\/2024\/06\/Screenshot-2024-06-04-153036.png","contentUrl":"https:\/\/www.andrewbarnes.eu\/wp-content\/uploads\/2024\/06\/Screenshot-2024-06-04-153036.png","width":419,"height":662,"caption":"Andrew Barnes Orgastic Breath Dance Meditation Nights"},{"@type":"BreadcrumbList","@id":"https:\/\/www.andrewbarnes.eu\/product\/cacao-orgastic-breath-dance-retreat\/#breadcrumb","itemListElement":[{"@type":"ListItem","position":1,"name":"Home","item":"https:\/\/www.andrewbarnes.eu\/"},{"@type":"ListItem","position":2,"name":"Shop","item":"https:\/\/www.andrewbarnes.eu\/shop\/"},{"@type":"ListItem","position":3,"name":"Cacao Orgastic Breath Dance Retreat"}]},{"@type":"WebSite","@id":"https:\/\/www.andrewbarnes.eu\/#website","url":"https:\/\/www.andrewbarnes.eu\/","name":"Andrew Barnes Europe","description":"Creating heart-centred sexuality","publisher":{"@id":"https:\/\/www.andrewbarnes.eu\/#organization"},"potentialAction":[{"@type":"SearchAction","target":{"@type":"EntryPoint","urlTemplate":"https:\/\/www.andrewbarnes.eu\/?s={search_term_string}"},"query-input":{"@type":"PropertyValueSpecification","valueRequired":true,"valueName":"search_term_string"}}],"inLanguage":"cs"},{"@type":"Organization","@id":"https:\/\/www.andrewbarnes.eu\/#organization","name":"Andrew Barnes Europe","url":"https:\/\/www.andrewbarnes.eu\/","logo":{"@type":"ImageObject","inLanguage":"cs","@id":"https:\/\/www.andrewbarnes.eu\/#\/schema\/logo\/image\/","url":"https:\/\/www.andrewbarnes.eu\/wp-content\/uploads\/2024\/05\/ANDREW-BARNES.png","contentUrl":"https:\/\/www.andrewbarnes.eu\/wp-content\/uploads\/2024\/05\/ANDREW-BARNES.png","width":520,"height":220,"caption":"Andrew Barnes Europe"},"image":{"@id":"https:\/\/www.andrewbarnes.eu\/#\/schema\/logo\/image\/"}}]}},"_links":{"self":[{"href":"https:\/\/www.andrewbarnes.eu\/cs\/wp-json\/wp\/v2\/product\/4108","targetHints":{"allow":["GET"]}}],"collection":[{"href":"https:\/\/www.andrewbarnes.eu\/cs\/wp-json\/wp\/v2\/product"}],"about":[{"href":"https:\/\/www.andrewbarnes.eu\/cs\/wp-json\/wp\/v2\/types\/product"}],"replies":[{"embeddable":true,"href":"https:\/\/www.andrewbarnes.eu\/cs\/wp-json\/wp\/v2\/comments?post=4108"}],"version-history":[{"count":9,"href":"https:\/\/www.andrewbarnes.eu\/cs\/wp-json\/wp\/v2\/product\/4108\/revisions"}],"predecessor-version":[{"id":7173,"href":"https:\/\/www.andrewbarnes.eu\/cs\/wp-json\/wp\/v2\/product\/4108\/revisions\/7173"}],"wp:featuredmedia":[{"embeddable":true,"href":"https:\/\/www.andrewbarnes.eu\/cs\/wp-json\/wp\/v2\/media\/1219"}],"wp:attachment":[{"href":"https:\/\/www.andrewbarnes.eu\/cs\/wp-json\/wp\/v2\/media?parent=4108"}],"wp:term":[{"taxonomy":"product_brand","embeddable":true,"href":"https:\/\/www.andrewbarnes.eu\/cs\/wp-json\/wp\/v2\/product_brand?post=4108"},{"taxonomy":"product_cat","embeddable":true,"href":"https:\/\/www.andrewbarnes.eu\/cs\/wp-json\/wp\/v2\/product_cat?post=4108"},{"taxonomy":"product_tag","embeddable":true,"href":"https:\/\/www.andrewbarnes.eu\/cs\/wp-json\/wp\/v2\/product_tag?post=4108"}],"curies":[{"name":"wp","href":"https:\/\/api.w.org\/{rel}","templated":true}]}}