{"id":4009,"date":"2024-07-07T15:14:09","date_gmt":"2024-07-07T15:14:09","guid":{"rendered":"https:\/\/www.andrewbarnes.eu\/?post_type=product&#038;p=4009"},"modified":"2026-04-19T07:43:53","modified_gmt":"2026-04-19T07:43:53","slug":"tantric-full-body-energy-orgasm-retreat","status":"publish","type":"product","link":"https:\/\/www.andrewbarnes.eu\/cs\/produkt\/tantric-full-body-energy-orgasm-retreat\/","title":{"rendered":"Tantric Full Body Energy Orgasm Retreat"},"content":{"rendered":"<div data-elementor-type=\"product-post\" data-elementor-id=\"4009\" class=\"elementor elementor-4009\" data-elementor-post-type=\"product\">\n\t\t\t\t<div class=\"elementor-element elementor-element-4a2076e5 e-con-full e-flex e-con e-parent\" data-id=\"4a2076e5\" data-element_type=\"container\" data-e-type=\"container\">\n\t\t\t\t<div class=\"elementor-element elementor-element-4fd13f5 elementor-widget elementor-widget-text-editor\" data-id=\"4fd13f5\" data-element_type=\"widget\" data-e-type=\"widget\" data-widget_type=\"text-editor.default\">\n\t\t\t\t\t\t\t\t\t<p>Join us for an extraordinary retreat where you will explore the restorative practice of Tantric Body De-armouring and Energy Orgasm Activation through the Heart-centred Sexuality Kundalini Yoga Meditation.\u00a0<a href=\"https:\/\/www.andrewbarnes.eu\/cs\/tantric-full-body-energy-orgasm-retreat\/\" target=\"_blank\" rel=\"noopener\"><strong>Read more<\/strong><\/a><\/p>\t\t\t\t\t\t\t\t<\/div>\n\t\t\t\t<div class=\"elementor-element elementor-element-2955739 elementor-widget elementor-widget-heading\" data-id=\"2955739\" data-element_type=\"widget\" data-e-type=\"widget\" data-widget_type=\"heading.default\">\n\t\t\t\t\t<h2 class=\"elementor-heading-title elementor-size-default\">Dates, Location, and Price of Retreat<\/h2>\t\t\t\t<\/div>\n\t\t\t\t<div class=\"elementor-element elementor-element-9c5aec5 elementor-widget elementor-widget-text-editor\" data-id=\"9c5aec5\" data-element_type=\"widget\" data-e-type=\"widget\" data-widget_type=\"text-editor.default\">\n\t\t\t\t\t\t\t\t\t<ul><li>Level 1: 5th &#8211; 11th April 2027<\/li><li>Level 2: 12th &#8211; 18th April 2027<\/li><li>Level 1 and 2<\/li><li>Level 2 cannot be taken without completing Level 1<\/li><li>Center Ziva Voda, Czech Republic<\/li><\/ul>\t\t\t\t\t\t\t\t<\/div>\n\t\t<div class=\"elementor-element elementor-element-452e0c0 e-con-full e-flex e-con e-child\" data-id=\"452e0c0\" data-element_type=\"container\" data-e-type=\"container\" data-settings=\"{&quot;background_background&quot;:&quot;classic&quot;}\">\n\t\t\t\t<div class=\"elementor-element elementor-element-e61dbc2 elementor-widget elementor-widget-heading\" data-id=\"e61dbc2\" data-element_type=\"widget\" data-e-type=\"widget\" data-widget_type=\"heading.default\">\n\t\t\t\t\t<h2 class=\"elementor-heading-title elementor-size-default\">COSY ACCOMMODATION OPTIONS<\/h2>\t\t\t\t<\/div>\n\t\t\t\t<div class=\"elementor-element elementor-element-bb0aafb elementor-widget elementor-widget-text-editor\" data-id=\"bb0aafb\" data-element_type=\"widget\" data-e-type=\"widget\" data-widget_type=\"text-editor.default\">\n\t\t\t\t\t\t\t\t\t<ul><li>Spacious shared room (3\u20136 beds), private bathroom \u2014 6 nights, all meals included<\/li><li>Shared meditation hall mattress \u2014 6 nights, all meals included<\/li><li>Delicious, nourishing plant-based meals are included with all accommodation options<\/li><li>By making a payment, you agree to<a href=\"https:\/\/www.andrewbarnes.eu\/cs\/terms-and-conditions\/\" target=\"_blank\" rel=\"noopener\"> the terms and conditions<\/a><\/li><\/ul>\t\t\t\t\t\t\t\t<\/div>\n\t\t\t\t<\/div>\n\t\t\t\t<\/div>\n\t\t\t\t<\/div>","protected":false},"excerpt":{"rendered":"<p>Join us for an extraordinary retreat where you will explore the restorative practice of Tantric Body De-armouring and Energy Orgasm [&hellip;]<\/p>","protected":false},"featured_media":825,"comment_status":"closed","ping_status":"closed","template":"","meta":{"site-sidebar-layout":"default","site-content-layout":"","ast-site-content-layout":"default","site-content-style":"default","site-sidebar-style":"default","ast-global-header-display":"","ast-banner-title-visibility":"","ast-main-header-display":"","ast-hfb-above-header-display":"","ast-hfb-below-header-display":"","ast-hfb-mobile-header-display":"","site-post-title":"","ast-breadcrumbs-content":"","ast-featured-img":"","footer-sml-layout":"","ast-disable-related-posts":"","theme-transparent-header-meta":"default","adv-header-id-meta":"","stick-header-meta":"","header-above-stick-meta":"","header-main-stick-meta":"","header-below-stick-meta":"","astra-migrate-meta-layouts":"set","ast-page-background-enabled":"default","ast-page-background-meta":{"desktop":{"background-color":"var(--ast-global-color-4)","background-image":"","background-repeat":"repeat","background-position":"center center","background-size":"auto","background-attachment":"scroll","background-type":"","background-media":"","overlay-type":"","overlay-color":"","overlay-opacity":"","overlay-gradient":""},"tablet":{"background-color":"","background-image":"","background-repeat":"repeat","background-position":"center center","background-size":"auto","background-attachment":"scroll","background-type":"","background-media":"","overlay-type":"","overlay-color":"","overlay-opacity":"","overlay-gradient":""},"mobile":{"background-color":"","background-image":"","background-repeat":"repeat","background-position":"center center","background-size":"auto","background-attachment":"scroll","background-type":"","background-media":"","overlay-type":"","overlay-color":"","overlay-opacity":"","overlay-gradient":""}},"ast-content-background-meta":{"desktop":{"background-color":"var(--ast-global-color-5)","background-image":"","background-repeat":"repeat","background-position":"center center","background-size":"auto","background-attachment":"scroll","background-type":"","background-media":"","overlay-type":"","overlay-color":"","overlay-opacity":"","overlay-gradient":""},"tablet":{"background-color":"var(--ast-global-color-5)","background-image":"","background-repeat":"repeat","background-position":"center center","background-size":"auto","background-attachment":"scroll","background-type":"","background-media":"","overlay-type":"","overlay-color":"","overlay-opacity":"","overlay-gradient":""},"mobile":{"background-color":"var(--ast-global-color-5)","background-image":"","background-repeat":"repeat","background-position":"center center","background-size":"auto","background-attachment":"scroll","background-type":"","background-media":"","overlay-type":"","overlay-color":"","overlay-opacity":"","overlay-gradient":""}}},"product_brand":[],"product_cat":[25],"product_tag":[32,29,31],"class_list":{"0":"post-4009","1":"product","2":"type-product","3":"status-publish","4":"has-post-thumbnail","6":"product_cat-retreats","7":"product_tag-retreat","8":"product_tag-tantric","9":"product_tag-training","10":"desktop-align-left","11":"tablet-align-left","12":"mobile-align-left","14":"first","15":"instock","16":"featured","17":"shipping-taxable","18":"purchasable","19":"product-type-variable"},"yoast_head":"<!-- This site is optimized with the Yoast SEO Premium plugin v27.3 (Yoast SEO v27.3) - https:\/\/yoast.com\/product\/yoast-seo-premium-wordpress\/ -->\n<title>Tantric Full Body Energy Orgasm Retreat - Andrew Barnes Europe<\/title>\n<meta name=\"description\" content=\"Transform your life through the profound practice of Tantric Full Body Energy Orgasm, for deeper connections and heightened consciousness.\" \/>\n<meta name=\"robots\" content=\"index, follow, max-snippet:-1, max-image-preview:large, max-video-preview:-1\" \/>\n<link rel=\"canonical\" href=\"https:\/\/www.andrewbarnes.eu\/cs\/produkt\/tantric-full-body-energy-orgasm-retreat\/\" \/>\n<meta property=\"og:locale\" content=\"cs_CZ\" \/>\n<meta property=\"og:type\" content=\"article\" \/>\n<meta property=\"og:title\" content=\"Tantric Full Body Energy Orgasm Retreat\" \/>\n<meta property=\"og:description\" content=\"Transform your life through the profound practice of Tantric Full Body Energy Orgasm, for deeper connections and heightened consciousness.\" \/>\n<meta property=\"og:url\" content=\"https:\/\/www.andrewbarnes.eu\/cs\/produkt\/tantric-full-body-energy-orgasm-retreat\/\" \/>\n<meta property=\"og:site_name\" content=\"Andrew Barnes Europe\" \/>\n<meta property=\"article:modified_time\" content=\"2026-04-19T07:43:53+00:00\" \/>\n<meta property=\"og:image\" content=\"https:\/\/www.andrewbarnes.eu\/wp-content\/uploads\/2024\/05\/tantric-full-body-energy-orgasm-retreat.webp\" \/>\n\t<meta property=\"og:image:width\" content=\"735\" \/>\n\t<meta property=\"og:image:height\" content=\"966\" \/>\n\t<meta property=\"og:image:type\" content=\"image\/webp\" \/>\n<meta name=\"twitter:card\" content=\"summary_large_image\" \/>\n<meta name=\"twitter:label1\" content=\"Odhadovan\u00e1 doba \u010dten\u00ed\" \/>\n\t<meta name=\"twitter:data1\" content=\"1 minuta\" \/>\n<script type=\"application\/ld+json\" class=\"yoast-schema-graph\">{\"@context\":\"https:\\\/\\\/schema.org\",\"@graph\":[{\"@type\":\"WebPage\",\"@id\":\"https:\\\/\\\/www.andrewbarnes.eu\\\/product\\\/tantric-full-body-energy-orgasm-retreat\\\/\",\"url\":\"https:\\\/\\\/www.andrewbarnes.eu\\\/product\\\/tantric-full-body-energy-orgasm-retreat\\\/\",\"name\":\"Tantric Full Body Energy Orgasm Retreat - Andrew Barnes Europe\",\"isPartOf\":{\"@id\":\"https:\\\/\\\/www.andrewbarnes.eu\\\/#website\"},\"primaryImageOfPage\":{\"@id\":\"https:\\\/\\\/www.andrewbarnes.eu\\\/product\\\/tantric-full-body-energy-orgasm-retreat\\\/#primaryimage\"},\"image\":{\"@id\":\"https:\\\/\\\/www.andrewbarnes.eu\\\/product\\\/tantric-full-body-energy-orgasm-retreat\\\/#primaryimage\"},\"thumbnailUrl\":\"https:\\\/\\\/www.andrewbarnes.eu\\\/wp-content\\\/uploads\\\/2024\\\/05\\\/tantric-full-body-energy-orgasm-retreat.webp\",\"datePublished\":\"2024-07-07T15:14:09+00:00\",\"dateModified\":\"2026-04-19T07:43:53+00:00\",\"description\":\"Transform your life through the profound practice of Tantric Full Body Energy Orgasm, for deeper connections and heightened consciousness.\",\"breadcrumb\":{\"@id\":\"https:\\\/\\\/www.andrewbarnes.eu\\\/product\\\/tantric-full-body-energy-orgasm-retreat\\\/#breadcrumb\"},\"inLanguage\":\"cs\",\"potentialAction\":[{\"@type\":\"ReadAction\",\"target\":[\"https:\\\/\\\/www.andrewbarnes.eu\\\/product\\\/tantric-full-body-energy-orgasm-retreat\\\/\"]}]},{\"@type\":\"ImageObject\",\"inLanguage\":\"cs\",\"@id\":\"https:\\\/\\\/www.andrewbarnes.eu\\\/product\\\/tantric-full-body-energy-orgasm-retreat\\\/#primaryimage\",\"url\":\"https:\\\/\\\/www.andrewbarnes.eu\\\/wp-content\\\/uploads\\\/2024\\\/05\\\/tantric-full-body-energy-orgasm-retreat.webp\",\"contentUrl\":\"https:\\\/\\\/www.andrewbarnes.eu\\\/wp-content\\\/uploads\\\/2024\\\/05\\\/tantric-full-body-energy-orgasm-retreat.webp\",\"width\":735,\"height\":966},{\"@type\":\"BreadcrumbList\",\"@id\":\"https:\\\/\\\/www.andrewbarnes.eu\\\/product\\\/tantric-full-body-energy-orgasm-retreat\\\/#breadcrumb\",\"itemListElement\":[{\"@type\":\"ListItem\",\"position\":1,\"name\":\"Home\",\"item\":\"https:\\\/\\\/www.andrewbarnes.eu\\\/\"},{\"@type\":\"ListItem\",\"position\":2,\"name\":\"Shop\",\"item\":\"https:\\\/\\\/www.andrewbarnes.eu\\\/shop\\\/\"},{\"@type\":\"ListItem\",\"position\":3,\"name\":\"Tantric Full Body Energy Orgasm Retreat\"}]},{\"@type\":\"WebSite\",\"@id\":\"https:\\\/\\\/www.andrewbarnes.eu\\\/#website\",\"url\":\"https:\\\/\\\/www.andrewbarnes.eu\\\/\",\"name\":\"Andrew Barnes Europe\",\"description\":\"Creating heart-centred sexuality\",\"publisher\":{\"@id\":\"https:\\\/\\\/www.andrewbarnes.eu\\\/#organization\"},\"potentialAction\":[{\"@type\":\"SearchAction\",\"target\":{\"@type\":\"EntryPoint\",\"urlTemplate\":\"https:\\\/\\\/www.andrewbarnes.eu\\\/?s={search_term_string}\"},\"query-input\":{\"@type\":\"PropertyValueSpecification\",\"valueRequired\":true,\"valueName\":\"search_term_string\"}}],\"inLanguage\":\"cs\"},{\"@type\":\"Organization\",\"@id\":\"https:\\\/\\\/www.andrewbarnes.eu\\\/#organization\",\"name\":\"Andrew Barnes Europe\",\"url\":\"https:\\\/\\\/www.andrewbarnes.eu\\\/\",\"logo\":{\"@type\":\"ImageObject\",\"inLanguage\":\"cs\",\"@id\":\"https:\\\/\\\/www.andrewbarnes.eu\\\/#\\\/schema\\\/logo\\\/image\\\/\",\"url\":\"https:\\\/\\\/www.andrewbarnes.eu\\\/wp-content\\\/uploads\\\/2024\\\/05\\\/ANDREW-BARNES.png\",\"contentUrl\":\"https:\\\/\\\/www.andrewbarnes.eu\\\/wp-content\\\/uploads\\\/2024\\\/05\\\/ANDREW-BARNES.png\",\"width\":520,\"height\":220,\"caption\":\"Andrew Barnes Europe\"},\"image\":{\"@id\":\"https:\\\/\\\/www.andrewbarnes.eu\\\/#\\\/schema\\\/logo\\\/image\\\/\"}}]}<\/script>\n<!-- \/ Yoast SEO Premium plugin. -->","yoast_head_json":{"title":"Tantric Full Body Energy Orgasm Retreat - Andrew Barnes Europe","description":"Transform your life through the profound practice of Tantric Full Body Energy Orgasm, for deeper connections and heightened consciousness.","robots":{"index":"index","follow":"follow","max-snippet":"max-snippet:-1","max-image-preview":"max-image-preview:large","max-video-preview":"max-video-preview:-1"},"canonical":"https:\/\/www.andrewbarnes.eu\/cs\/produkt\/tantric-full-body-energy-orgasm-retreat\/","og_locale":"cs_CZ","og_type":"article","og_title":"Tantric Full Body Energy Orgasm Retreat","og_description":"Transform your life through the profound practice of Tantric Full Body Energy Orgasm, for deeper connections and heightened consciousness.","og_url":"https:\/\/www.andrewbarnes.eu\/cs\/produkt\/tantric-full-body-energy-orgasm-retreat\/","og_site_name":"Andrew Barnes Europe","article_modified_time":"2026-04-19T07:43:53+00:00","og_image":[{"width":735,"height":966,"url":"https:\/\/www.andrewbarnes.eu\/wp-content\/uploads\/2024\/05\/tantric-full-body-energy-orgasm-retreat.webp","type":"image\/webp"}],"twitter_card":"summary_large_image","twitter_misc":{"Odhadovan\u00e1 doba \u010dten\u00ed":"1 minuta"},"schema":{"@context":"https:\/\/schema.org","@graph":[{"@type":"WebPage","@id":"https:\/\/www.andrewbarnes.eu\/product\/tantric-full-body-energy-orgasm-retreat\/","url":"https:\/\/www.andrewbarnes.eu\/product\/tantric-full-body-energy-orgasm-retreat\/","name":"Tantric Full Body Energy Orgasm Retreat - Andrew Barnes Europe","isPartOf":{"@id":"https:\/\/www.andrewbarnes.eu\/#website"},"primaryImageOfPage":{"@id":"https:\/\/www.andrewbarnes.eu\/product\/tantric-full-body-energy-orgasm-retreat\/#primaryimage"},"image":{"@id":"https:\/\/www.andrewbarnes.eu\/product\/tantric-full-body-energy-orgasm-retreat\/#primaryimage"},"thumbnailUrl":"https:\/\/www.andrewbarnes.eu\/wp-content\/uploads\/2024\/05\/tantric-full-body-energy-orgasm-retreat.webp","datePublished":"2024-07-07T15:14:09+00:00","dateModified":"2026-04-19T07:43:53+00:00","description":"Transform your life through the profound practice of Tantric Full Body Energy Orgasm, for deeper connections and heightened consciousness.","breadcrumb":{"@id":"https:\/\/www.andrewbarnes.eu\/product\/tantric-full-body-energy-orgasm-retreat\/#breadcrumb"},"inLanguage":"cs","potentialAction":[{"@type":"ReadAction","target":["https:\/\/www.andrewbarnes.eu\/product\/tantric-full-body-energy-orgasm-retreat\/"]}]},{"@type":"ImageObject","inLanguage":"cs","@id":"https:\/\/www.andrewbarnes.eu\/product\/tantric-full-body-energy-orgasm-retreat\/#primaryimage","url":"https:\/\/www.andrewbarnes.eu\/wp-content\/uploads\/2024\/05\/tantric-full-body-energy-orgasm-retreat.webp","contentUrl":"https:\/\/www.andrewbarnes.eu\/wp-content\/uploads\/2024\/05\/tantric-full-body-energy-orgasm-retreat.webp","width":735,"height":966},{"@type":"BreadcrumbList","@id":"https:\/\/www.andrewbarnes.eu\/product\/tantric-full-body-energy-orgasm-retreat\/#breadcrumb","itemListElement":[{"@type":"ListItem","position":1,"name":"Home","item":"https:\/\/www.andrewbarnes.eu\/"},{"@type":"ListItem","position":2,"name":"Shop","item":"https:\/\/www.andrewbarnes.eu\/shop\/"},{"@type":"ListItem","position":3,"name":"Tantric Full Body Energy Orgasm Retreat"}]},{"@type":"WebSite","@id":"https:\/\/www.andrewbarnes.eu\/#website","url":"https:\/\/www.andrewbarnes.eu\/","name":"Andrew Barnes Europe","description":"Creating heart-centred sexuality","publisher":{"@id":"https:\/\/www.andrewbarnes.eu\/#organization"},"potentialAction":[{"@type":"SearchAction","target":{"@type":"EntryPoint","urlTemplate":"https:\/\/www.andrewbarnes.eu\/?s={search_term_string}"},"query-input":{"@type":"PropertyValueSpecification","valueRequired":true,"valueName":"search_term_string"}}],"inLanguage":"cs"},{"@type":"Organization","@id":"https:\/\/www.andrewbarnes.eu\/#organization","name":"Andrew Barnes Europe","url":"https:\/\/www.andrewbarnes.eu\/","logo":{"@type":"ImageObject","inLanguage":"cs","@id":"https:\/\/www.andrewbarnes.eu\/#\/schema\/logo\/image\/","url":"https:\/\/www.andrewbarnes.eu\/wp-content\/uploads\/2024\/05\/ANDREW-BARNES.png","contentUrl":"https:\/\/www.andrewbarnes.eu\/wp-content\/uploads\/2024\/05\/ANDREW-BARNES.png","width":520,"height":220,"caption":"Andrew Barnes Europe"},"image":{"@id":"https:\/\/www.andrewbarnes.eu\/#\/schema\/logo\/image\/"}}]}},"_links":{"self":[{"href":"https:\/\/www.andrewbarnes.eu\/cs\/wp-json\/wp\/v2\/product\/4009","targetHints":{"allow":["GET"]}}],"collection":[{"href":"https:\/\/www.andrewbarnes.eu\/cs\/wp-json\/wp\/v2\/product"}],"about":[{"href":"https:\/\/www.andrewbarnes.eu\/cs\/wp-json\/wp\/v2\/types\/product"}],"replies":[{"embeddable":true,"href":"https:\/\/www.andrewbarnes.eu\/cs\/wp-json\/wp\/v2\/comments?post=4009"}],"version-history":[{"count":34,"href":"https:\/\/www.andrewbarnes.eu\/cs\/wp-json\/wp\/v2\/product\/4009\/revisions"}],"predecessor-version":[{"id":7418,"href":"https:\/\/www.andrewbarnes.eu\/cs\/wp-json\/wp\/v2\/product\/4009\/revisions\/7418"}],"wp:featuredmedia":[{"embeddable":true,"href":"https:\/\/www.andrewbarnes.eu\/cs\/wp-json\/wp\/v2\/media\/825"}],"wp:attachment":[{"href":"https:\/\/www.andrewbarnes.eu\/cs\/wp-json\/wp\/v2\/media?parent=4009"}],"wp:term":[{"taxonomy":"product_brand","embeddable":true,"href":"https:\/\/www.andrewbarnes.eu\/cs\/wp-json\/wp\/v2\/product_brand?post=4009"},{"taxonomy":"product_cat","embeddable":true,"href":"https:\/\/www.andrewbarnes.eu\/cs\/wp-json\/wp\/v2\/product_cat?post=4009"},{"taxonomy":"product_tag","embeddable":true,"href":"https:\/\/www.andrewbarnes.eu\/cs\/wp-json\/wp\/v2\/product_tag?post=4009"}],"curies":[{"name":"wp","href":"https:\/\/api.w.org\/{rel}","templated":true}]}}