{"id":5354,"date":"2024-07-25T11:50:20","date_gmt":"2024-07-25T11:50:20","guid":{"rendered":"https:\/\/www.andrewbarnes.eu\/?page_id=5354"},"modified":"2025-11-17T13:53:29","modified_gmt":"2025-11-17T13:53:29","slug":"contact","status":"publish","type":"page","link":"https:\/\/www.andrewbarnes.eu\/cs\/contact\/","title":{"rendered":"Contact"},"content":{"rendered":"<div data-elementor-type=\"wp-page\" data-elementor-id=\"5354\" class=\"elementor elementor-5354\" data-elementor-post-type=\"page\">\n\t\t\t\t<div class=\"elementor-element elementor-element-5e1d65bf e-flex e-con-boxed e-con e-parent\" data-id=\"5e1d65bf\" data-element_type=\"container\" data-e-type=\"container\" data-settings=\"{&quot;background_background&quot;:&quot;classic&quot;}\">\n\t\t\t\t\t<div class=\"e-con-inner\">\n\t\t<div class=\"elementor-element elementor-element-3412bc2b e-con-full e-flex e-con e-child\" data-id=\"3412bc2b\" data-element_type=\"container\" data-e-type=\"container\" data-settings=\"{&quot;background_background&quot;:&quot;classic&quot;}\">\n\t\t\t\t<div class=\"elementor-element elementor-element-523e5c2f animated-slow elementor-invisible elementor-widget elementor-widget-text-editor\" data-id=\"523e5c2f\" data-element_type=\"widget\" data-e-type=\"widget\" data-settings=\"{&quot;_animation&quot;:&quot;fadeInUp&quot;}\" data-widget_type=\"text-editor.default\">\n\t\t\t\t\t\t\t\t\t<p>Contact Us<\/p>\t\t\t\t\t\t\t\t<\/div>\n\t\t\t\t<div class=\"elementor-element elementor-element-1f813254 elementor-invisible elementor-widget elementor-widget-text-editor\" data-id=\"1f813254\" data-element_type=\"widget\" data-e-type=\"widget\" data-settings=\"{&quot;_animation&quot;:&quot;fadeInUp&quot;}\" data-widget_type=\"text-editor.default\">\n\t\t\t\t\t\t\t\t\t<p>We&#8217;re here to support your journey towards personal growth and well-being.<\/p>\t\t\t\t\t\t\t\t<\/div>\n\t\t\t\t<div class=\"elementor-element elementor-element-3ff10dba elementor-widget-divider--view-line elementor-widget elementor-widget-divider\" data-id=\"3ff10dba\" data-element_type=\"widget\" data-e-type=\"widget\" data-widget_type=\"divider.default\">\n\t\t\t\t\t\t\t<div class=\"elementor-divider\">\n\t\t\t<span class=\"elementor-divider-separator\">\n\t\t\t\t\t\t<\/span>\n\t\t<\/div>\n\t\t\t\t\t\t<\/div>\n\t\t\t\t<div class=\"elementor-element elementor-element-73f30e94 elementor-widget elementor-widget-text-editor\" data-id=\"73f30e94\" data-element_type=\"widget\" data-e-type=\"widget\" data-widget_type=\"text-editor.default\">\n\t\t\t\t\t\t\t\t\t<p>Whether you have questions about our workshops, retreats, or educational courses, or you need guidance on your path to self-awareness and healing, our team is ready to assist you.<\/p><p>\u00a0<\/p><p>Reach out to us via this form , and we\u2019ll get back to you as soon as possible.<\/p>\t\t\t\t\t\t\t\t<\/div>\n\t\t\t\t<div class=\"elementor-element elementor-element-7bd84762 elementor-widget elementor-widget-text-editor\" data-id=\"7bd84762\" data-element_type=\"widget\" data-e-type=\"widget\" data-widget_type=\"text-editor.default\">\n\t\t\t\t\t\t\t\t\t<p>Andrew and Team<\/p>\t\t\t\t\t\t\t\t<\/div>\n\t\t\t\t<\/div>\n\t\t<div class=\"elementor-element elementor-element-63708c07 e-con-full e-flex e-con e-child\" data-id=\"63708c07\" data-element_type=\"container\" data-e-type=\"container\">\n\t\t\t\t<div class=\"elementor-element elementor-element-756479fb elementor-widget__width-initial elementor-button-align-stretch elementor-widget elementor-widget-form\" data-id=\"756479fb\" data-element_type=\"widget\" data-e-type=\"widget\" data-settings=\"{&quot;step_next_label&quot;:&quot;Next&quot;,&quot;step_previous_label&quot;:&quot;Previous&quot;,&quot;button_width&quot;:&quot;100&quot;,&quot;step_type&quot;:&quot;number_text&quot;,&quot;step_icon_shape&quot;:&quot;circle&quot;}\" data-widget_type=\"form.default\">\n\t\t\t\t\t\t\t<form class=\"elementor-form\" method=\"post\" name=\"New Form\" aria-label=\"New Form\" action=\"\">\n\t\t\t<input type=\"hidden\" name=\"post_id\" value=\"5354\"\/>\n\t\t\t<input type=\"hidden\" name=\"form_id\" value=\"756479fb\"\/>\n\t\t\t<input type=\"hidden\" name=\"referer_title\" value=\"Contact - Andrew Barnes Europe\" \/>\n\n\t\t\t\t\t\t\t<input type=\"hidden\" name=\"queried_id\" value=\"5354\"\/>\n\t\t\t\n\t\t\t<div class=\"elementor-form-fields-wrapper elementor-labels-above\">\n\t\t\t\t\t\t\t\t<div class=\"elementor-field-type-text elementor-field-group elementor-column elementor-field-group-name elementor-col-100\">\n\t\t\t\t\t\t\t\t\t\t\t\t\t<input size=\"1\" type=\"text\" name=\"form_fields[name]\" id=\"form-field-name\" class=\"elementor-field elementor-size-sm  elementor-field-textual\" placeholder=\"First Name\">\n\t\t\t\t\t\t\t\t\t\t\t<\/div>\n\t\t\t\t\t\t\t\t<div class=\"elementor-field-type-text elementor-field-group elementor-column elementor-field-group-field_3c7f872 elementor-col-100\">\n\t\t\t\t\t\t\t\t\t\t\t\t\t<input size=\"1\" type=\"text\" name=\"form_fields[field_3c7f872]\" id=\"form-field-field_3c7f872\" class=\"elementor-field elementor-size-sm  elementor-field-textual\" placeholder=\"Last Name\">\n\t\t\t\t\t\t\t\t\t\t\t<\/div>\n\t\t\t\t\t\t\t\t<div class=\"elementor-field-type-email elementor-field-group elementor-column elementor-field-group-email elementor-col-100 elementor-field-required elementor-mark-required\">\n\t\t\t\t\t\t\t\t\t\t\t\t\t<input size=\"1\" type=\"email\" name=\"form_fields[email]\" id=\"form-field-email\" class=\"elementor-field elementor-size-sm  elementor-field-textual\" placeholder=\"Email\" required=\"required\">\n\t\t\t\t\t\t\t\t\t\t\t<\/div>\n\t\t\t\t\t\t\t\t<div class=\"elementor-field-type-text elementor-field-group elementor-column elementor-field-group-field_3dfbc01 elementor-col-100\">\n\t\t\t\t\t\t\t\t\t\t\t\t\t<input size=\"1\" type=\"text\" name=\"form_fields[field_3dfbc01]\" id=\"form-field-field_3dfbc01\" class=\"elementor-field elementor-size-sm  elementor-field-textual\" placeholder=\"Message\">\n\t\t\t\t\t\t\t\t\t\t\t<\/div>\n\t\t\t\t\t\t\t\t<div class=\"elementor-field-group elementor-column elementor-field-type-submit elementor-col-100 e-form__buttons\">\n\t\t\t\t\t<button class=\"elementor-button elementor-size-sm\" type=\"submit\">\n\t\t\t\t\t\t<span class=\"elementor-button-content-wrapper\">\n\t\t\t\t\t\t\t\t\t\t\t\t\t\t\t\t\t\t\t\t\t\t<span class=\"elementor-button-text\">Send<\/span>\n\t\t\t\t\t\t\t\t\t\t\t\t\t<\/span>\n\t\t\t\t\t<\/button>\n\t\t\t\t<\/div>\n\t\t\t<\/div>\n\t\t<input type=\"hidden\" name=\"trp-form-language\" value=\"cs\"\/><\/form>\n\t\t\t\t\t\t<\/div>\n\t\t\t\t<div class=\"elementor-element elementor-element-2a36e51 elementor-widget elementor-widget-text-editor\" data-id=\"2a36e51\" data-element_type=\"widget\" data-e-type=\"widget\" data-widget_type=\"text-editor.default\">\n\t\t\t\t\t\t\t\t\t<p>E-mail: info@andrewbarnes.cz<\/p><p>Contact person<\/p><p>Barbora Kopeckova<br \/>Ing. Jana Uhliarov\u00e1<\/p><p>Andrew Barnes in the Czech Republic<\/p><p>Retreats are organized by<br \/>Silicon Adventure s.r.o<\/p>\t\t\t\t\t\t\t\t<\/div>\n\t\t\t\t<\/div>\n\t\t\t\t\t<\/div>\n\t\t\t\t<\/div>\n\t\t\t\t<\/div>","protected":false},"excerpt":{"rendered":"<p>Contact Us We&#8217;re here to support your journey towards personal growth and well-being. Whether you have questions about our workshops, [&hellip;]<\/p>","protected":false},"author":1,"featured_media":6019,"parent":0,"menu_order":0,"comment_status":"closed","ping_status":"closed","template":"","meta":{"site-sidebar-layout":"no-sidebar","site-content-layout":"","ast-site-content-layout":"full-width-container","site-content-style":"default","site-sidebar-style":"default","ast-global-header-display":"","ast-banner-title-visibility":"","ast-main-header-display":"","ast-hfb-above-header-display":"","ast-hfb-below-header-display":"","ast-hfb-mobile-header-display":"","site-post-title":"disabled","ast-breadcrumbs-content":"","ast-featured-img":"disabled","footer-sml-layout":"","ast-disable-related-posts":"","theme-transparent-header-meta":"","adv-header-id-meta":"","stick-header-meta":"","header-above-stick-meta":"","header-main-stick-meta":"","header-below-stick-meta":"","astra-migrate-meta-layouts":"default","ast-page-background-enabled":"default","ast-page-background-meta":{"desktop":{"background-color":"var(--ast-global-color-4)","background-image":"","background-repeat":"repeat","background-position":"center center","background-size":"auto","background-attachment":"scroll","background-type":"","background-media":"","overlay-type":"","overlay-color":"","overlay-opacity":"","overlay-gradient":""},"tablet":{"background-color":"","background-image":"","background-repeat":"repeat","background-position":"center center","background-size":"auto","background-attachment":"scroll","background-type":"","background-media":"","overlay-type":"","overlay-color":"","overlay-opacity":"","overlay-gradient":""},"mobile":{"background-color":"","background-image":"","background-repeat":"repeat","background-position":"center center","background-size":"auto","background-attachment":"scroll","background-type":"","background-media":"","overlay-type":"","overlay-color":"","overlay-opacity":"","overlay-gradient":""}},"ast-content-background-meta":{"desktop":{"background-color":"var(--ast-global-color-5)","background-image":"","background-repeat":"repeat","background-position":"center center","background-size":"auto","background-attachment":"scroll","background-type":"","background-media":"","overlay-type":"","overlay-color":"","overlay-opacity":"","overlay-gradient":""},"tablet":{"background-color":"var(--ast-global-color-5)","background-image":"","background-repeat":"repeat","background-position":"center center","background-size":"auto","background-attachment":"scroll","background-type":"","background-media":"","overlay-type":"","overlay-color":"","overlay-opacity":"","overlay-gradient":""},"mobile":{"background-color":"var(--ast-global-color-5)","background-image":"","background-repeat":"repeat","background-position":"center center","background-size":"auto","background-attachment":"scroll","background-type":"","background-media":"","overlay-type":"","overlay-color":"","overlay-opacity":"","overlay-gradient":""}},"footnotes":""},"class_list":["post-5354","page","type-page","status-publish","has-post-thumbnail","hentry"],"yoast_head":"<!-- This site is optimized with the Yoast SEO Premium plugin v27.3 (Yoast SEO v27.3) - https:\/\/yoast.com\/product\/yoast-seo-premium-wordpress\/ -->\n<title>Contact - Andrew Barnes Europe<\/title>\n<meta name=\"robots\" content=\"index, follow, max-snippet:-1, max-image-preview:large, max-video-preview:-1\" \/>\n<link rel=\"canonical\" href=\"https:\/\/www.andrewbarnes.eu\/cs\/contact\/\" \/>\n<meta property=\"og:locale\" content=\"cs_CZ\" \/>\n<meta property=\"og:type\" content=\"article\" \/>\n<meta property=\"og:title\" content=\"Contact\" \/>\n<meta property=\"og:description\" content=\"Contact Us We&#8217;re here to support your journey towards personal growth and well-being. Whether you have questions about our workshops, [&hellip;]\" \/>\n<meta property=\"og:url\" content=\"https:\/\/www.andrewbarnes.eu\/cs\/contact\/\" \/>\n<meta property=\"og:site_name\" content=\"Andrew Barnes Europe\" \/>\n<meta property=\"article:modified_time\" content=\"2025-11-17T13:53:29+00:00\" \/>\n<meta property=\"og:image\" content=\"https:\/\/www.andrewbarnes.eu\/wp-content\/uploads\/2024\/11\/cropped-2.png\" \/>\n\t<meta property=\"og:image:width\" content=\"512\" \/>\n\t<meta property=\"og:image:height\" content=\"512\" \/>\n\t<meta property=\"og:image:type\" content=\"image\/png\" \/>\n<meta name=\"twitter:card\" content=\"summary_large_image\" \/>\n<meta name=\"twitter:label1\" content=\"Odhadovan\u00e1 doba \u010dten\u00ed\" \/>\n\t<meta name=\"twitter:data1\" content=\"1 minuta\" \/>\n<script type=\"application\/ld+json\" class=\"yoast-schema-graph\">{\"@context\":\"https:\\\/\\\/schema.org\",\"@graph\":[{\"@type\":\"WebPage\",\"@id\":\"https:\\\/\\\/www.andrewbarnes.eu\\\/contact\\\/\",\"url\":\"https:\\\/\\\/www.andrewbarnes.eu\\\/contact\\\/\",\"name\":\"Contact - Andrew Barnes Europe\",\"isPartOf\":{\"@id\":\"https:\\\/\\\/www.andrewbarnes.eu\\\/#website\"},\"primaryImageOfPage\":{\"@id\":\"https:\\\/\\\/www.andrewbarnes.eu\\\/contact\\\/#primaryimage\"},\"image\":{\"@id\":\"https:\\\/\\\/www.andrewbarnes.eu\\\/contact\\\/#primaryimage\"},\"thumbnailUrl\":\"https:\\\/\\\/www.andrewbarnes.eu\\\/wp-content\\\/uploads\\\/2024\\\/11\\\/cropped-2.png\",\"datePublished\":\"2024-07-25T11:50:20+00:00\",\"dateModified\":\"2025-11-17T13:53:29+00:00\",\"breadcrumb\":{\"@id\":\"https:\\\/\\\/www.andrewbarnes.eu\\\/contact\\\/#breadcrumb\"},\"inLanguage\":\"cs\",\"potentialAction\":[{\"@type\":\"ReadAction\",\"target\":[\"https:\\\/\\\/www.andrewbarnes.eu\\\/contact\\\/\"]}]},{\"@type\":\"ImageObject\",\"inLanguage\":\"cs\",\"@id\":\"https:\\\/\\\/www.andrewbarnes.eu\\\/contact\\\/#primaryimage\",\"url\":\"https:\\\/\\\/www.andrewbarnes.eu\\\/wp-content\\\/uploads\\\/2024\\\/11\\\/cropped-2.png\",\"contentUrl\":\"https:\\\/\\\/www.andrewbarnes.eu\\\/wp-content\\\/uploads\\\/2024\\\/11\\\/cropped-2.png\",\"width\":512,\"height\":512,\"caption\":\"Andrew Barnes Europe Favicon Initials\"},{\"@type\":\"BreadcrumbList\",\"@id\":\"https:\\\/\\\/www.andrewbarnes.eu\\\/contact\\\/#breadcrumb\",\"itemListElement\":[{\"@type\":\"ListItem\",\"position\":1,\"name\":\"Home\",\"item\":\"https:\\\/\\\/www.andrewbarnes.eu\\\/\"},{\"@type\":\"ListItem\",\"position\":2,\"name\":\"Contact\"}]},{\"@type\":\"WebSite\",\"@id\":\"https:\\\/\\\/www.andrewbarnes.eu\\\/#website\",\"url\":\"https:\\\/\\\/www.andrewbarnes.eu\\\/\",\"name\":\"Andrew Barnes Europe\",\"description\":\"Creating heart-centred sexuality\",\"publisher\":{\"@id\":\"https:\\\/\\\/www.andrewbarnes.eu\\\/#organization\"},\"potentialAction\":[{\"@type\":\"SearchAction\",\"target\":{\"@type\":\"EntryPoint\",\"urlTemplate\":\"https:\\\/\\\/www.andrewbarnes.eu\\\/?s={search_term_string}\"},\"query-input\":{\"@type\":\"PropertyValueSpecification\",\"valueRequired\":true,\"valueName\":\"search_term_string\"}}],\"inLanguage\":\"cs\"},{\"@type\":\"Organization\",\"@id\":\"https:\\\/\\\/www.andrewbarnes.eu\\\/#organization\",\"name\":\"Andrew Barnes Europe\",\"url\":\"https:\\\/\\\/www.andrewbarnes.eu\\\/\",\"logo\":{\"@type\":\"ImageObject\",\"inLanguage\":\"cs\",\"@id\":\"https:\\\/\\\/www.andrewbarnes.eu\\\/#\\\/schema\\\/logo\\\/image\\\/\",\"url\":\"https:\\\/\\\/www.andrewbarnes.eu\\\/wp-content\\\/uploads\\\/2024\\\/05\\\/ANDREW-BARNES.png\",\"contentUrl\":\"https:\\\/\\\/www.andrewbarnes.eu\\\/wp-content\\\/uploads\\\/2024\\\/05\\\/ANDREW-BARNES.png\",\"width\":520,\"height\":220,\"caption\":\"Andrew Barnes Europe\"},\"image\":{\"@id\":\"https:\\\/\\\/www.andrewbarnes.eu\\\/#\\\/schema\\\/logo\\\/image\\\/\"}}]}<\/script>\n<!-- \/ Yoast SEO Premium plugin. -->","yoast_head_json":{"title":"Contact - Andrew Barnes Europe","robots":{"index":"index","follow":"follow","max-snippet":"max-snippet:-1","max-image-preview":"max-image-preview:large","max-video-preview":"max-video-preview:-1"},"canonical":"https:\/\/www.andrewbarnes.eu\/cs\/contact\/","og_locale":"cs_CZ","og_type":"article","og_title":"Contact","og_description":"Contact Us We&#8217;re here to support your journey towards personal growth and well-being. Whether you have questions about our workshops, [&hellip;]","og_url":"https:\/\/www.andrewbarnes.eu\/cs\/contact\/","og_site_name":"Andrew Barnes Europe","article_modified_time":"2025-11-17T13:53:29+00:00","og_image":[{"width":512,"height":512,"url":"https:\/\/www.andrewbarnes.eu\/wp-content\/uploads\/2024\/11\/cropped-2.png","type":"image\/png"}],"twitter_card":"summary_large_image","twitter_misc":{"Odhadovan\u00e1 doba \u010dten\u00ed":"1 minuta"},"schema":{"@context":"https:\/\/schema.org","@graph":[{"@type":"WebPage","@id":"https:\/\/www.andrewbarnes.eu\/contact\/","url":"https:\/\/www.andrewbarnes.eu\/contact\/","name":"Contact - Andrew Barnes Europe","isPartOf":{"@id":"https:\/\/www.andrewbarnes.eu\/#website"},"primaryImageOfPage":{"@id":"https:\/\/www.andrewbarnes.eu\/contact\/#primaryimage"},"image":{"@id":"https:\/\/www.andrewbarnes.eu\/contact\/#primaryimage"},"thumbnailUrl":"https:\/\/www.andrewbarnes.eu\/wp-content\/uploads\/2024\/11\/cropped-2.png","datePublished":"2024-07-25T11:50:20+00:00","dateModified":"2025-11-17T13:53:29+00:00","breadcrumb":{"@id":"https:\/\/www.andrewbarnes.eu\/contact\/#breadcrumb"},"inLanguage":"cs","potentialAction":[{"@type":"ReadAction","target":["https:\/\/www.andrewbarnes.eu\/contact\/"]}]},{"@type":"ImageObject","inLanguage":"cs","@id":"https:\/\/www.andrewbarnes.eu\/contact\/#primaryimage","url":"https:\/\/www.andrewbarnes.eu\/wp-content\/uploads\/2024\/11\/cropped-2.png","contentUrl":"https:\/\/www.andrewbarnes.eu\/wp-content\/uploads\/2024\/11\/cropped-2.png","width":512,"height":512,"caption":"Andrew Barnes Europe Favicon Initials"},{"@type":"BreadcrumbList","@id":"https:\/\/www.andrewbarnes.eu\/contact\/#breadcrumb","itemListElement":[{"@type":"ListItem","position":1,"name":"Home","item":"https:\/\/www.andrewbarnes.eu\/"},{"@type":"ListItem","position":2,"name":"Contact"}]},{"@type":"WebSite","@id":"https:\/\/www.andrewbarnes.eu\/#website","url":"https:\/\/www.andrewbarnes.eu\/","name":"Andrew Barnes Europe","description":"Creating heart-centred sexuality","publisher":{"@id":"https:\/\/www.andrewbarnes.eu\/#organization"},"potentialAction":[{"@type":"SearchAction","target":{"@type":"EntryPoint","urlTemplate":"https:\/\/www.andrewbarnes.eu\/?s={search_term_string}"},"query-input":{"@type":"PropertyValueSpecification","valueRequired":true,"valueName":"search_term_string"}}],"inLanguage":"cs"},{"@type":"Organization","@id":"https:\/\/www.andrewbarnes.eu\/#organization","name":"Andrew Barnes Europe","url":"https:\/\/www.andrewbarnes.eu\/","logo":{"@type":"ImageObject","inLanguage":"cs","@id":"https:\/\/www.andrewbarnes.eu\/#\/schema\/logo\/image\/","url":"https:\/\/www.andrewbarnes.eu\/wp-content\/uploads\/2024\/05\/ANDREW-BARNES.png","contentUrl":"https:\/\/www.andrewbarnes.eu\/wp-content\/uploads\/2024\/05\/ANDREW-BARNES.png","width":520,"height":220,"caption":"Andrew Barnes Europe"},"image":{"@id":"https:\/\/www.andrewbarnes.eu\/#\/schema\/logo\/image\/"}}]}},"_links":{"self":[{"href":"https:\/\/www.andrewbarnes.eu\/cs\/wp-json\/wp\/v2\/pages\/5354","targetHints":{"allow":["GET"]}}],"collection":[{"href":"https:\/\/www.andrewbarnes.eu\/cs\/wp-json\/wp\/v2\/pages"}],"about":[{"href":"https:\/\/www.andrewbarnes.eu\/cs\/wp-json\/wp\/v2\/types\/page"}],"author":[{"embeddable":true,"href":"https:\/\/www.andrewbarnes.eu\/cs\/wp-json\/wp\/v2\/users\/1"}],"replies":[{"embeddable":true,"href":"https:\/\/www.andrewbarnes.eu\/cs\/wp-json\/wp\/v2\/comments?post=5354"}],"version-history":[{"count":15,"href":"https:\/\/www.andrewbarnes.eu\/cs\/wp-json\/wp\/v2\/pages\/5354\/revisions"}],"predecessor-version":[{"id":6633,"href":"https:\/\/www.andrewbarnes.eu\/cs\/wp-json\/wp\/v2\/pages\/5354\/revisions\/6633"}],"wp:featuredmedia":[{"embeddable":true,"href":"https:\/\/www.andrewbarnes.eu\/cs\/wp-json\/wp\/v2\/media\/6019"}],"wp:attachment":[{"href":"https:\/\/www.andrewbarnes.eu\/cs\/wp-json\/wp\/v2\/media?parent=5354"}],"curies":[{"name":"wp","href":"https:\/\/api.w.org\/{rel}","templated":true}]}}