{"id":4878,"date":"2024-07-22T03:28:38","date_gmt":"2024-07-22T03:28:38","guid":{"rendered":"https:\/\/www.andrewbarnes.eu\/?page_id=4878"},"modified":"2024-07-24T07:58:26","modified_gmt":"2024-07-24T07:58:26","slug":"blog","status":"publish","type":"page","link":"https:\/\/www.andrewbarnes.eu\/cs\/blog\/","title":{"rendered":"Blog"},"content":{"rendered":"<div data-elementor-type=\"wp-page\" data-elementor-id=\"4878\" class=\"elementor elementor-4878\" data-elementor-post-type=\"page\">\n\t\t\t\t<div class=\"elementor-element elementor-element-4a82fb3 e-flex e-con-boxed e-con e-parent\" data-id=\"4a82fb3\" data-element_type=\"container\" data-e-type=\"container\" data-settings=\"{&quot;background_background&quot;:&quot;classic&quot;}\">\n\t\t\t\t\t<div class=\"e-con-inner\">\n\t\t\t\t<div class=\"elementor-element elementor-element-494d2eb animated-slow elementor-invisible elementor-widget elementor-widget-heading\" data-id=\"494d2eb\" data-element_type=\"widget\" data-e-type=\"widget\" data-settings=\"{&quot;_animation&quot;:&quot;fadeInUp&quot;}\" data-widget_type=\"heading.default\">\n\t\t\t\t\t<h2 class=\"elementor-heading-title elementor-size-default\">Journey to Self-Discovery<\/h2>\t\t\t\t<\/div>\n\t\t\t\t<div class=\"elementor-element elementor-element-81784f0 animated-slow elementor-invisible elementor-widget elementor-widget-text-editor\" data-id=\"81784f0\" data-element_type=\"widget\" data-e-type=\"widget\" data-settings=\"{&quot;_animation&quot;:&quot;zoomIn&quot;,&quot;_animation_delay&quot;:200}\" data-widget_type=\"text-editor.default\">\n\t\t\t\t\t\t\t\t\t<p>Insights and Inspiration on Sexuality, Tantra, and Personal Growth<\/p>\t\t\t\t\t\t\t\t<\/div>\n\t\t\t\t\t<\/div>\n\t\t\t\t<\/div>\n\t\t<div class=\"elementor-element elementor-element-d2d3e08 e-con-full e-flex e-con e-parent\" data-id=\"d2d3e08\" data-element_type=\"container\" data-e-type=\"container\">\n\t\t\t\t<div class=\"elementor-element elementor-element-00256c2 elementor-grid-3 elementor-grid-tablet-2 elementor-grid-mobile-1 elementor-posts--thumbnail-top elementor-card-shadow-yes elementor-posts__hover-gradient elementor-widget elementor-widget-posts\" data-id=\"00256c2\" data-element_type=\"widget\" data-e-type=\"widget\" data-settings=\"{&quot;cards_columns&quot;:&quot;3&quot;,&quot;cards_columns_tablet&quot;:&quot;2&quot;,&quot;cards_columns_mobile&quot;:&quot;1&quot;,&quot;cards_row_gap&quot;:{&quot;unit&quot;:&quot;px&quot;,&quot;size&quot;:35,&quot;sizes&quot;:[]},&quot;cards_row_gap_widescreen&quot;:{&quot;unit&quot;:&quot;px&quot;,&quot;size&quot;:&quot;&quot;,&quot;sizes&quot;:[]},&quot;cards_row_gap_laptop&quot;:{&quot;unit&quot;:&quot;px&quot;,&quot;size&quot;:&quot;&quot;,&quot;sizes&quot;:[]},&quot;cards_row_gap_tablet_extra&quot;:{&quot;unit&quot;:&quot;px&quot;,&quot;size&quot;:&quot;&quot;,&quot;sizes&quot;:[]},&quot;cards_row_gap_tablet&quot;:{&quot;unit&quot;:&quot;px&quot;,&quot;size&quot;:&quot;&quot;,&quot;sizes&quot;:[]},&quot;cards_row_gap_mobile_extra&quot;:{&quot;unit&quot;:&quot;px&quot;,&quot;size&quot;:&quot;&quot;,&quot;sizes&quot;:[]},&quot;cards_row_gap_mobile&quot;:{&quot;unit&quot;:&quot;px&quot;,&quot;size&quot;:&quot;&quot;,&quot;sizes&quot;:[]}}\" data-widget_type=\"posts.cards\">\n\t\t\t\t<div class=\"elementor-widget-container\">\n\t\t\t\t\t\t\t<div class=\"elementor-posts-container elementor-posts elementor-posts--skin-cards elementor-grid\" role=\"list\">\n\t\t\t\t<article class=\"elementor-post elementor-grid-item post-4892 post type-post status-publish format-standard hentry category-tantric-sexuality\" role=\"listitem\">\n\t\t\t<div class=\"elementor-post__card\">\n\t\t\t\t<div class=\"elementor-post__text\">\n\t\t\t\t<h3 class=\"elementor-post__title\">\n\t\t\t<a href=\"https:\/\/www.andrewbarnes.eu\/cs\/heart-centred-tantric-sexuality-meditation\/\" >\n\t\t\t\tHeart Centred Tantric Sexuality Meditation\t\t\t<\/a>\n\t\t<\/h3>\n\t\t\t\t<div class=\"elementor-post__excerpt\">\n\t\t\t<p>Uniting Love and Desire Heart-Centred Tantric Sexuality Meditation Our tantric sexual energy motivates us to love more in the world. Our heart guides our sexuality with integrity, empathy, and love. Andrew Barnes Sexuality and love often exist as two separate<\/p>\n\t\t<\/div>\n\t\t\n\t\t<a class=\"elementor-post__read-more\" href=\"https:\/\/www.andrewbarnes.eu\/cs\/heart-centred-tantric-sexuality-meditation\/\" aria-label=\"Read more about Heart Centred Tantric Sexuality Meditation\" tabindex=\"-1\" >\n\t\t\tRead More \u00bb\t\t<\/a>\n\n\t\t\t\t<\/div>\n\t\t\t\t\t<\/div>\n\t\t<\/article>\n\t\t\t\t<article class=\"elementor-post elementor-grid-item post-4882 post type-post status-publish format-standard hentry category-demystifying-female-genitalia\" role=\"listitem\">\n\t\t\t<div class=\"elementor-post__card\">\n\t\t\t\t<div class=\"elementor-post__text\">\n\t\t\t\t<h3 class=\"elementor-post__title\">\n\t\t\t<a href=\"https:\/\/www.andrewbarnes.eu\/cs\/demystifying-female-genitalia-and-sexuality\/\" >\n\t\t\t\tDemystifying Female Genitalia and Sexuality\t\t\t<\/a>\n\t\t<\/h3>\n\t\t\t\t<div class=\"elementor-post__excerpt\">\n\t\t\t<p>The Ultimate Guide to Female Sexuality Demystifying Female Genitalia and Sexuality As I sit to pen this post, it feels like inviting you into a very personal segment of my life&#8217;s work. The book &#8220;Demystifying Female Genitalia: A Confluence of<\/p>\n\t\t<\/div>\n\t\t\n\t\t<a class=\"elementor-post__read-more\" href=\"https:\/\/www.andrewbarnes.eu\/cs\/demystifying-female-genitalia-and-sexuality\/\" aria-label=\"Read more about Demystifying Female Genitalia and Sexuality\" tabindex=\"-1\" >\n\t\t\tRead More \u00bb\t\t<\/a>\n\n\t\t\t\t<\/div>\n\t\t\t\t\t<\/div>\n\t\t<\/article>\n\t\t\t\t<article class=\"elementor-post elementor-grid-item post-3204 post type-post status-publish format-standard has-post-thumbnail hentry category-relationship-map\" role=\"listitem\">\n\t\t\t<div class=\"elementor-post__card\">\n\t\t\t\t<a class=\"elementor-post__thumbnail__link\" href=\"https:\/\/www.andrewbarnes.eu\/cs\/enhancing-love-and-intimacy-navigating-relationships-with-the-relationship-map\/\" tabindex=\"-1\" ><div class=\"elementor-post__thumbnail\"><img decoding=\"async\" width=\"300\" height=\"169\" src=\"https:\/\/www.andrewbarnes.eu\/wp-content\/smush-webp\/2024\/06\/10-2-300x169.jpg.webp\" class=\"attachment-medium size-medium wp-image-2177\" alt=\"\" srcset=\"https:\/\/www.andrewbarnes.eu\/wp-content\/smush-webp\/2024\/06\/10-2-300x169.jpg.webp 300w, https:\/\/www.andrewbarnes.eu\/wp-content\/smush-webp\/2024\/06\/10-2-1024x576.jpg.webp 1024w, https:\/\/www.andrewbarnes.eu\/wp-content\/smush-webp\/2024\/06\/10-2-768x432.jpg.webp 768w, https:\/\/www.andrewbarnes.eu\/wp-content\/smush-webp\/2024\/06\/10-2-1536x864.jpg.webp 1536w, https:\/\/www.andrewbarnes.eu\/wp-content\/smush-webp\/2024\/06\/10-2-600x338.jpg.webp 600w, https:\/\/www.andrewbarnes.eu\/wp-content\/smush-webp\/2024\/06\/10-2.jpg.webp 1920w\" sizes=\"(max-width: 300px) 100vw, 300px\" data-smush-webp-fallback=\"{&quot;src&quot;:&quot;https:\\\/\\\/www.andrewbarnes.eu\\\/wp-content\\\/uploads\\\/2024\\\/06\\\/10-2-300x169.jpg&quot;,&quot;srcset&quot;:&quot;https:\\\/\\\/www.andrewbarnes.eu\\\/wp-content\\\/uploads\\\/2024\\\/06\\\/10-2-300x169.jpg 300w, https:\\\/\\\/www.andrewbarnes.eu\\\/wp-content\\\/uploads\\\/2024\\\/06\\\/10-2-1024x576.jpg 1024w, https:\\\/\\\/www.andrewbarnes.eu\\\/wp-content\\\/uploads\\\/2024\\\/06\\\/10-2-768x432.jpg 768w, https:\\\/\\\/www.andrewbarnes.eu\\\/wp-content\\\/uploads\\\/2024\\\/06\\\/10-2-1536x864.jpg 1536w, https:\\\/\\\/www.andrewbarnes.eu\\\/wp-content\\\/uploads\\\/2024\\\/06\\\/10-2-600x338.jpg 600w, https:\\\/\\\/www.andrewbarnes.eu\\\/wp-content\\\/uploads\\\/2024\\\/06\\\/10-2.jpg 1920w&quot;}\" \/><\/div><\/a>\n\t\t\t\t<div class=\"elementor-post__text\">\n\t\t\t\t<h3 class=\"elementor-post__title\">\n\t\t\t<a href=\"https:\/\/www.andrewbarnes.eu\/cs\/enhancing-love-and-intimacy-navigating-relationships-with-the-relationship-map\/\" >\n\t\t\t\tEnhancing Love and Intimacy: Navigating Relationships with the Relationship Map\t\t\t<\/a>\n\t\t<\/h3>\n\t\t\t\t<div class=\"elementor-post__excerpt\">\n\t\t\t<p>Enhancing Love and Intimacy: The Relationship Map offers insights to improve behaviours, attributes, and qualities, fostering healthier connections and transforming your relationships with empathy, responsibility, and assertiveness.<\/p>\n\t\t<\/div>\n\t\t\n\t\t<a class=\"elementor-post__read-more\" href=\"https:\/\/www.andrewbarnes.eu\/cs\/enhancing-love-and-intimacy-navigating-relationships-with-the-relationship-map\/\" aria-label=\"Read more about Enhancing Love and Intimacy: Navigating Relationships with the Relationship Map\" tabindex=\"-1\" >\n\t\t\tRead More \u00bb\t\t<\/a>\n\n\t\t\t\t<\/div>\n\t\t\t\t\t<\/div>\n\t\t<\/article>\n\t\t\t\t<\/div>\n\t\t\n\t\t\t\t\t\t<\/div>\n\t\t\t\t<\/div>\n\t\t\t\t<\/div>\n\t\t\t\t<\/div>","protected":false},"excerpt":{"rendered":"<p>Journey to Self-Discovery Insights and Inspiration on Sexuality, Tantra, and Personal Growth<\/p>","protected":false},"author":1,"featured_media":0,"parent":0,"menu_order":0,"comment_status":"closed","ping_status":"closed","template":"","meta":{"site-sidebar-layout":"no-sidebar","site-content-layout":"","ast-site-content-layout":"full-width-container","site-content-style":"default","site-sidebar-style":"default","ast-global-header-display":"","ast-banner-title-visibility":"","ast-main-header-display":"","ast-hfb-above-header-display":"","ast-hfb-below-header-display":"","ast-hfb-mobile-header-display":"","site-post-title":"disabled","ast-breadcrumbs-content":"","ast-featured-img":"disabled","footer-sml-layout":"","ast-disable-related-posts":"","theme-transparent-header-meta":"","adv-header-id-meta":"","stick-header-meta":"","header-above-stick-meta":"","header-main-stick-meta":"","header-below-stick-meta":"","astra-migrate-meta-layouts":"default","ast-page-background-enabled":"default","ast-page-background-meta":{"desktop":{"background-color":"var(--ast-global-color-4)","background-image":"","background-repeat":"repeat","background-position":"center center","background-size":"auto","background-attachment":"scroll","background-type":"","background-media":"","overlay-type":"","overlay-color":"","overlay-opacity":"","overlay-gradient":""},"tablet":{"background-color":"","background-image":"","background-repeat":"repeat","background-position":"center center","background-size":"auto","background-attachment":"scroll","background-type":"","background-media":"","overlay-type":"","overlay-color":"","overlay-opacity":"","overlay-gradient":""},"mobile":{"background-color":"","background-image":"","background-repeat":"repeat","background-position":"center center","background-size":"auto","background-attachment":"scroll","background-type":"","background-media":"","overlay-type":"","overlay-color":"","overlay-opacity":"","overlay-gradient":""}},"ast-content-background-meta":{"desktop":{"background-color":"var(--ast-global-color-5)","background-image":"","background-repeat":"repeat","background-position":"center center","background-size":"auto","background-attachment":"scroll","background-type":"","background-media":"","overlay-type":"","overlay-color":"","overlay-opacity":"","overlay-gradient":""},"tablet":{"background-color":"var(--ast-global-color-5)","background-image":"","background-repeat":"repeat","background-position":"center center","background-size":"auto","background-attachment":"scroll","background-type":"","background-media":"","overlay-type":"","overlay-color":"","overlay-opacity":"","overlay-gradient":""},"mobile":{"background-color":"var(--ast-global-color-5)","background-image":"","background-repeat":"repeat","background-position":"center center","background-size":"auto","background-attachment":"scroll","background-type":"","background-media":"","overlay-type":"","overlay-color":"","overlay-opacity":"","overlay-gradient":""}},"footnotes":""},"class_list":["post-4878","page","type-page","status-publish","hentry"],"yoast_head":"<!-- This site is optimized with the Yoast SEO Premium plugin v27.3 (Yoast SEO v27.3) - https:\/\/yoast.com\/product\/yoast-seo-premium-wordpress\/ -->\n<title>Blog - Andrew Barnes Europe<\/title>\n<meta name=\"robots\" content=\"index, follow, max-snippet:-1, max-image-preview:large, max-video-preview:-1\" \/>\n<link rel=\"canonical\" href=\"https:\/\/www.andrewbarnes.eu\/cs\/blog\/\" \/>\n<meta property=\"og:locale\" content=\"cs_CZ\" \/>\n<meta property=\"og:type\" content=\"article\" \/>\n<meta property=\"og:title\" content=\"Blog\" \/>\n<meta property=\"og:description\" content=\"Journey to Self-Discovery Insights and Inspiration on Sexuality, Tantra, and Personal Growth\" \/>\n<meta property=\"og:url\" content=\"https:\/\/www.andrewbarnes.eu\/cs\/blog\/\" \/>\n<meta property=\"og:site_name\" content=\"Andrew Barnes Europe\" \/>\n<meta property=\"article:modified_time\" content=\"2024-07-24T07:58:26+00:00\" \/>\n<meta name=\"twitter:card\" content=\"summary_large_image\" \/>\n<meta name=\"twitter:label1\" content=\"Odhadovan\u00e1 doba \u010dten\u00ed\" \/>\n\t<meta name=\"twitter:data1\" content=\"2 minuty\" \/>\n<script type=\"application\/ld+json\" class=\"yoast-schema-graph\">{\"@context\":\"https:\\\/\\\/schema.org\",\"@graph\":[{\"@type\":\"WebPage\",\"@id\":\"https:\\\/\\\/www.andrewbarnes.eu\\\/blog\\\/\",\"url\":\"https:\\\/\\\/www.andrewbarnes.eu\\\/blog\\\/\",\"name\":\"Blog - Andrew Barnes Europe\",\"isPartOf\":{\"@id\":\"https:\\\/\\\/www.andrewbarnes.eu\\\/#website\"},\"datePublished\":\"2024-07-22T03:28:38+00:00\",\"dateModified\":\"2024-07-24T07:58:26+00:00\",\"breadcrumb\":{\"@id\":\"https:\\\/\\\/www.andrewbarnes.eu\\\/blog\\\/#breadcrumb\"},\"inLanguage\":\"cs\",\"potentialAction\":[{\"@type\":\"ReadAction\",\"target\":[\"https:\\\/\\\/www.andrewbarnes.eu\\\/blog\\\/\"]}]},{\"@type\":\"BreadcrumbList\",\"@id\":\"https:\\\/\\\/www.andrewbarnes.eu\\\/blog\\\/#breadcrumb\",\"itemListElement\":[{\"@type\":\"ListItem\",\"position\":1,\"name\":\"Home\",\"item\":\"https:\\\/\\\/www.andrewbarnes.eu\\\/\"},{\"@type\":\"ListItem\",\"position\":2,\"name\":\"Blog\"}]},{\"@type\":\"WebSite\",\"@id\":\"https:\\\/\\\/www.andrewbarnes.eu\\\/#website\",\"url\":\"https:\\\/\\\/www.andrewbarnes.eu\\\/\",\"name\":\"Andrew Barnes Europe\",\"description\":\"Creating heart-centred sexuality\",\"publisher\":{\"@id\":\"https:\\\/\\\/www.andrewbarnes.eu\\\/#organization\"},\"potentialAction\":[{\"@type\":\"SearchAction\",\"target\":{\"@type\":\"EntryPoint\",\"urlTemplate\":\"https:\\\/\\\/www.andrewbarnes.eu\\\/?s={search_term_string}\"},\"query-input\":{\"@type\":\"PropertyValueSpecification\",\"valueRequired\":true,\"valueName\":\"search_term_string\"}}],\"inLanguage\":\"cs\"},{\"@type\":\"Organization\",\"@id\":\"https:\\\/\\\/www.andrewbarnes.eu\\\/#organization\",\"name\":\"Andrew Barnes Europe\",\"url\":\"https:\\\/\\\/www.andrewbarnes.eu\\\/\",\"logo\":{\"@type\":\"ImageObject\",\"inLanguage\":\"cs\",\"@id\":\"https:\\\/\\\/www.andrewbarnes.eu\\\/#\\\/schema\\\/logo\\\/image\\\/\",\"url\":\"https:\\\/\\\/www.andrewbarnes.eu\\\/wp-content\\\/uploads\\\/2024\\\/05\\\/ANDREW-BARNES.png\",\"contentUrl\":\"https:\\\/\\\/www.andrewbarnes.eu\\\/wp-content\\\/uploads\\\/2024\\\/05\\\/ANDREW-BARNES.png\",\"width\":520,\"height\":220,\"caption\":\"Andrew Barnes Europe\"},\"image\":{\"@id\":\"https:\\\/\\\/www.andrewbarnes.eu\\\/#\\\/schema\\\/logo\\\/image\\\/\"}}]}<\/script>\n<!-- \/ Yoast SEO Premium plugin. -->","yoast_head_json":{"title":"Blog - Andrew Barnes Europe","robots":{"index":"index","follow":"follow","max-snippet":"max-snippet:-1","max-image-preview":"max-image-preview:large","max-video-preview":"max-video-preview:-1"},"canonical":"https:\/\/www.andrewbarnes.eu\/cs\/blog\/","og_locale":"cs_CZ","og_type":"article","og_title":"Blog","og_description":"Journey to Self-Discovery Insights and Inspiration on Sexuality, Tantra, and Personal Growth","og_url":"https:\/\/www.andrewbarnes.eu\/cs\/blog\/","og_site_name":"Andrew Barnes Europe","article_modified_time":"2024-07-24T07:58:26+00:00","twitter_card":"summary_large_image","twitter_misc":{"Odhadovan\u00e1 doba \u010dten\u00ed":"2 minuty"},"schema":{"@context":"https:\/\/schema.org","@graph":[{"@type":"WebPage","@id":"https:\/\/www.andrewbarnes.eu\/blog\/","url":"https:\/\/www.andrewbarnes.eu\/blog\/","name":"Blog - Andrew Barnes Europe","isPartOf":{"@id":"https:\/\/www.andrewbarnes.eu\/#website"},"datePublished":"2024-07-22T03:28:38+00:00","dateModified":"2024-07-24T07:58:26+00:00","breadcrumb":{"@id":"https:\/\/www.andrewbarnes.eu\/blog\/#breadcrumb"},"inLanguage":"cs","potentialAction":[{"@type":"ReadAction","target":["https:\/\/www.andrewbarnes.eu\/blog\/"]}]},{"@type":"BreadcrumbList","@id":"https:\/\/www.andrewbarnes.eu\/blog\/#breadcrumb","itemListElement":[{"@type":"ListItem","position":1,"name":"Home","item":"https:\/\/www.andrewbarnes.eu\/"},{"@type":"ListItem","position":2,"name":"Blog"}]},{"@type":"WebSite","@id":"https:\/\/www.andrewbarnes.eu\/#website","url":"https:\/\/www.andrewbarnes.eu\/","name":"Andrew Barnes Europe","description":"Creating heart-centred sexuality","publisher":{"@id":"https:\/\/www.andrewbarnes.eu\/#organization"},"potentialAction":[{"@type":"SearchAction","target":{"@type":"EntryPoint","urlTemplate":"https:\/\/www.andrewbarnes.eu\/?s={search_term_string}"},"query-input":{"@type":"PropertyValueSpecification","valueRequired":true,"valueName":"search_term_string"}}],"inLanguage":"cs"},{"@type":"Organization","@id":"https:\/\/www.andrewbarnes.eu\/#organization","name":"Andrew Barnes Europe","url":"https:\/\/www.andrewbarnes.eu\/","logo":{"@type":"ImageObject","inLanguage":"cs","@id":"https:\/\/www.andrewbarnes.eu\/#\/schema\/logo\/image\/","url":"https:\/\/www.andrewbarnes.eu\/wp-content\/uploads\/2024\/05\/ANDREW-BARNES.png","contentUrl":"https:\/\/www.andrewbarnes.eu\/wp-content\/uploads\/2024\/05\/ANDREW-BARNES.png","width":520,"height":220,"caption":"Andrew Barnes Europe"},"image":{"@id":"https:\/\/www.andrewbarnes.eu\/#\/schema\/logo\/image\/"}}]}},"_links":{"self":[{"href":"https:\/\/www.andrewbarnes.eu\/cs\/wp-json\/wp\/v2\/pages\/4878","targetHints":{"allow":["GET"]}}],"collection":[{"href":"https:\/\/www.andrewbarnes.eu\/cs\/wp-json\/wp\/v2\/pages"}],"about":[{"href":"https:\/\/www.andrewbarnes.eu\/cs\/wp-json\/wp\/v2\/types\/page"}],"author":[{"embeddable":true,"href":"https:\/\/www.andrewbarnes.eu\/cs\/wp-json\/wp\/v2\/users\/1"}],"replies":[{"embeddable":true,"href":"https:\/\/www.andrewbarnes.eu\/cs\/wp-json\/wp\/v2\/comments?post=4878"}],"version-history":[{"count":0,"href":"https:\/\/www.andrewbarnes.eu\/cs\/wp-json\/wp\/v2\/pages\/4878\/revisions"}],"wp:attachment":[{"href":"https:\/\/www.andrewbarnes.eu\/cs\/wp-json\/wp\/v2\/media?parent=4878"}],"curies":[{"name":"wp","href":"https:\/\/api.w.org\/{rel}","templated":true}]}}